{"id":583,"date":"2022-03-11T06:18:18","date_gmt":"2022-03-11T06:18:18","guid":{"rendered":"https:\/\/filsohousing.dk\/?page_id=583"},"modified":"2023-03-11T10:29:49","modified_gmt":"2023-03-11T10:29:49","slug":"about-us","status":"publish","type":"page","link":"https:\/\/allanbolig.dk\/index.php\/about-us\/","title":{"rendered":"Om Os"},"content":{"rendered":"\t\t<div data-elementor-type=\"wp-page\" data-elementor-id=\"583\" class=\"elementor elementor-583\">\n\t\t\t\t\t\t<section class=\"elementor-section elementor-top-section elementor-element elementor-element-176e15f0 elementor-section-height-min-height elementor-section-full_width elementor-section-height-default elementor-section-items-middle\" data-id=\"176e15f0\" data-element_type=\"section\" data-e-type=\"section\" data-settings=\"{&quot;background_background&quot;:&quot;video&quot;,&quot;background_video_link&quot;:&quot;https:\\\/\\\/www.youtube.com\\\/watch?v=MNTZVc3Z9b8&quot;}\">\n\t\t\t\t\t\t\t\t<div class=\"elementor-background-video-container elementor-hidden-mobile\">\n\t\t\t\t\t\t\t\t\t\t\t\t\t<div class=\"elementor-background-video-embed\" role=\"presentation\"><\/div>\n\t\t\t\t\t\t\t\t\t\t\t\t<\/div>\n\t\t\t\t\t\t\t\t\t<div class=\"elementor-background-overlay\"><\/div>\n\t\t\t\t\t\t\t<div class=\"elementor-container elementor-column-gap-no\">\n\t\t\t\t\t<div class=\"elementor-column elementor-col-100 elementor-top-column elementor-element elementor-element-7ca4c42a\" data-id=\"7ca4c42a\" data-element_type=\"column\" data-e-type=\"column\">\n\t\t\t<div class=\"elementor-widget-wrap elementor-element-populated\">\n\t\t\t\t\t\t<div class=\"elementor-element elementor-element-18034869 elementor-widget elementor-widget-heading\" data-id=\"18034869\" data-element_type=\"widget\" data-e-type=\"widget\" data-widget_type=\"heading.default\">\n\t\t\t\t<div class=\"elementor-widget-container\">\n\t\t\t\t\t<h2 class=\"elementor-heading-title elementor-size-default\">Om os<\/h2>\t\t\t\t<\/div>\n\t\t\t\t<\/div>\n\t\t\t\t<div class=\"elementor-element elementor-element-2f19a923 elementor-widget-divider--view-line elementor-widget elementor-widget-divider\" data-id=\"2f19a923\" data-element_type=\"widget\" data-e-type=\"widget\" data-widget_type=\"divider.default\">\n\t\t\t\t<div class=\"elementor-widget-container\">\n\t\t\t\t\t\t\t<div class=\"elementor-divider\">\n\t\t\t<span class=\"elementor-divider-separator\">\n\t\t\t\t\t\t<\/span>\n\t\t<\/div>\n\t\t\t\t\t\t<\/div>\n\t\t\t\t<\/div>\n\t\t\t\t\t<\/div>\n\t\t<\/div>\n\t\t\t\t\t<\/div>\n\t\t<\/section>\n\t\t\t\t<section class=\"elementor-section elementor-top-section elementor-element elementor-element-e3074a5 elementor-section-full_width elementor-section-height-default elementor-section-height-default\" data-id=\"e3074a5\" data-element_type=\"section\" data-e-type=\"section\" data-settings=\"{&quot;background_background&quot;:&quot;classic&quot;}\">\n\t\t\t\t\t\t<div class=\"elementor-container elementor-column-gap-default\">\n\t\t\t\t\t<div class=\"elementor-column elementor-col-100 elementor-top-column elementor-element elementor-element-01d7ecf\" data-id=\"01d7ecf\" data-element_type=\"column\" data-e-type=\"column\">\n\t\t\t<div class=\"elementor-widget-wrap elementor-element-populated\">\n\t\t\t\t\t\t<section class=\"elementor-section elementor-inner-section elementor-element elementor-element-997ef1a elementor-section-boxed elementor-section-height-default elementor-section-height-default\" data-id=\"997ef1a\" data-element_type=\"section\" data-e-type=\"section\">\n\t\t\t\t\t\t<div class=\"elementor-container elementor-column-gap-wide\">\n\t\t\t\t\t<div class=\"elementor-column elementor-col-50 elementor-inner-column elementor-element elementor-element-fe97dc0\" data-id=\"fe97dc0\" data-element_type=\"column\" data-e-type=\"column\">\n\t\t\t<div class=\"elementor-widget-wrap elementor-element-populated\">\n\t\t\t\t\t\t<div class=\"elementor-element elementor-element-290e5b5 elementor-widget elementor-widget-image\" data-id=\"290e5b5\" data-element_type=\"widget\" data-e-type=\"widget\" data-widget_type=\"image.default\">\n\t\t\t\t<div class=\"elementor-widget-container\">\n\t\t\t\t\t\t\t\t\t\t\t\t\t\t\t<img fetchpriority=\"high\" decoding=\"async\" width=\"1536\" height=\"1024\" src=\"https:\/\/allanbolig.dk\/wp-content\/uploads\/2022\/03\/MRU_604j01119_21-1536x1024-1.jpg\" class=\"attachment-full size-full wp-image-938\" alt=\"\" srcset=\"https:\/\/allanbolig.dk\/wp-content\/uploads\/2022\/03\/MRU_604j01119_21-1536x1024-1.jpg 1536w, https:\/\/allanbolig.dk\/wp-content\/uploads\/2022\/03\/MRU_604j01119_21-1536x1024-1-300x200.jpg 300w, https:\/\/allanbolig.dk\/wp-content\/uploads\/2022\/03\/MRU_604j01119_21-1536x1024-1-1024x683.jpg 1024w, https:\/\/allanbolig.dk\/wp-content\/uploads\/2022\/03\/MRU_604j01119_21-1536x1024-1-768x512.jpg 768w, https:\/\/allanbolig.dk\/wp-content\/uploads\/2022\/03\/MRU_604j01119_21-1536x1024-1-595xh.jpg 595w\" sizes=\"(max-width: 1536px) 100vw, 1536px\" \/>\t\t\t\t\t\t\t\t\t\t\t\t\t\t\t<\/div>\n\t\t\t\t<\/div>\n\t\t\t\t\t<\/div>\n\t\t<\/div>\n\t\t\t\t<div class=\"elementor-column elementor-col-50 elementor-inner-column elementor-element elementor-element-baf7b1b\" data-id=\"baf7b1b\" data-element_type=\"column\" data-e-type=\"column\">\n\t\t\t<div class=\"elementor-widget-wrap elementor-element-populated\">\n\t\t\t\t\t\t<div class=\"elementor-element elementor-element-5fb013c elementor-widget elementor-widget-heading\" data-id=\"5fb013c\" data-element_type=\"widget\" data-e-type=\"widget\" data-widget_type=\"heading.default\">\n\t\t\t\t<div class=\"elementor-widget-container\">\n\t\t\t\t\t<h2 class=\"elementor-heading-title elementor-size-default\">Om os<\/h2>\t\t\t\t<\/div>\n\t\t\t\t<\/div>\n\t\t\t\t<div class=\"elementor-element elementor-element-bbf6f0a elementor-widget-divider--view-line elementor-widget elementor-widget-divider\" data-id=\"bbf6f0a\" data-element_type=\"widget\" data-e-type=\"widget\" data-widget_type=\"divider.default\">\n\t\t\t\t<div class=\"elementor-widget-container\">\n\t\t\t\t\t\t\t<div class=\"elementor-divider\">\n\t\t\t<span class=\"elementor-divider-separator\">\n\t\t\t\t\t\t<\/span>\n\t\t<\/div>\n\t\t\t\t\t\t<\/div>\n\t\t\t\t<\/div>\n\t\t\t\t<div class=\"elementor-element elementor-element-2ca6e47 elementor-widget elementor-widget-text-editor\" data-id=\"2ca6e47\" data-element_type=\"widget\" data-e-type=\"widget\" data-widget_type=\"text-editor.default\">\n\t\t\t\t<div class=\"elementor-widget-container\">\n\t\t\t\t\t\t\t\t\t<p>Vi er en boligudlejningsvirksomhed, der tilbyder en bred vifte af boliger til leje i hele Danmark.<\/p><p>Vores virksomhed blev grundlagt med det form\u00e5l at g\u00f8re det nemt og bekvemt for folk at finde deres dr\u00f8mmebolig til leje. Vi har et dedikeret team af professionelle og erfarne ejendomsadministratorer, der arbejder h\u00e5rdt for at sikre, at alle vores lejere f\u00e5r den bedste oplevelse.<\/p>\t\t\t\t\t\t\t\t<\/div>\n\t\t\t\t<\/div>\n\t\t\t\t<div class=\"elementor-element elementor-element-d1b7c13 elementor-widget elementor-widget-text-editor\" data-id=\"d1b7c13\" data-element_type=\"widget\" data-e-type=\"widget\" data-widget_type=\"text-editor.default\">\n\t\t\t\t<div class=\"elementor-widget-container\">\n\t\t\t\t\t\t\t\t\t<p>Vi har en bred vifte af boliger til r\u00e5dighed, lige fra sm\u00e5 lejligheder til store huse og villaer. Vores boliger er alle n\u00f8je udvalgt og vedligeholdt for at sikre, at de lever op til vores h\u00f8je standarder.<\/p>\t\t\t\t\t\t\t\t<\/div>\n\t\t\t\t<\/div>\n\t\t\t\t\t<\/div>\n\t\t<\/div>\n\t\t\t\t\t<\/div>\n\t\t<\/section>\n\t\t\t\t\t<\/div>\n\t\t<\/div>\n\t\t\t\t\t<\/div>\n\t\t<\/section>\n\t\t\t\t<section class=\"elementor-section elementor-top-section elementor-element elementor-element-5ba680b elementor-section-full_width elementor-section-height-default elementor-section-height-default\" data-id=\"5ba680b\" data-element_type=\"section\" data-e-type=\"section\">\n\t\t\t\t\t\t<div class=\"elementor-container elementor-column-gap-default\">\n\t\t\t\t\t<div class=\"elementor-column elementor-col-100 elementor-top-column elementor-element elementor-element-17c50a7\" data-id=\"17c50a7\" data-element_type=\"column\" data-e-type=\"column\">\n\t\t\t<div class=\"elementor-widget-wrap elementor-element-populated\">\n\t\t\t\t\t\t<section class=\"elementor-section elementor-inner-section elementor-element elementor-element-7921042 elementor-section-boxed elementor-section-height-default elementor-section-height-default\" data-id=\"7921042\" data-element_type=\"section\" data-e-type=\"section\">\n\t\t\t\t\t\t<div class=\"elementor-container elementor-column-gap-wide\">\n\t\t\t\t\t<div class=\"elementor-column elementor-col-50 elementor-inner-column elementor-element elementor-element-1ef2be6\" data-id=\"1ef2be6\" data-element_type=\"column\" data-e-type=\"column\">\n\t\t\t<div class=\"elementor-widget-wrap elementor-element-populated\">\n\t\t\t\t\t\t<div class=\"elementor-element elementor-element-6932c99 elementor-widget elementor-widget-heading\" data-id=\"6932c99\" data-element_type=\"widget\" data-e-type=\"widget\" data-widget_type=\"heading.default\">\n\t\t\t\t<div class=\"elementor-widget-container\">\n\t\t\t\t\t<h2 class=\"elementor-heading-title elementor-size-default\">Hvorfor v\u00e6lge os<\/h2>\t\t\t\t<\/div>\n\t\t\t\t<\/div>\n\t\t\t\t<div class=\"elementor-element elementor-element-f081d78 elementor-widget-divider--view-line elementor-widget elementor-widget-divider\" data-id=\"f081d78\" data-element_type=\"widget\" data-e-type=\"widget\" data-widget_type=\"divider.default\">\n\t\t\t\t<div class=\"elementor-widget-container\">\n\t\t\t\t\t\t\t<div class=\"elementor-divider\">\n\t\t\t<span class=\"elementor-divider-separator\">\n\t\t\t\t\t\t<\/span>\n\t\t<\/div>\n\t\t\t\t\t\t<\/div>\n\t\t\t\t<\/div>\n\t\t\t\t<div class=\"elementor-element elementor-element-e02fee5 elementor-widget elementor-widget-text-editor\" data-id=\"e02fee5\" data-element_type=\"widget\" data-e-type=\"widget\" data-widget_type=\"text-editor.default\">\n\t\t\t\t<div class=\"elementor-widget-container\">\n\t\t\t\t\t\t\t\t\t<p>Vi tror p\u00e5 at skabe langvarige relationer med vores lejere, og derfor str\u00e6ber vi altid efter at levere enest\u00e5ende kundeservice og st\u00f8tte. Vi er altid tilg\u00e6ngelige for at besvare sp\u00f8rgsm\u00e5l og give vejledning og r\u00e5dgivning til vores lejere.<\/p>\t\t\t\t\t\t\t\t<\/div>\n\t\t\t\t<\/div>\n\t\t\t\t<div class=\"elementor-element elementor-element-58a6d9a elementor-widget elementor-widget-text-editor\" data-id=\"58a6d9a\" data-element_type=\"widget\" data-e-type=\"widget\" data-widget_type=\"text-editor.default\">\n\t\t\t\t<div class=\"elementor-widget-container\">\n\t\t\t\t\t\t\t\t\t<p>Vi forst\u00e5r, hvor vigtigt det er for vores lejere at have et hjem, hvor de f\u00f8ler sig trygge og komfortable. Derfor g\u00f8r vi altid vores bedste for at skabe et behageligt og sikkert milj\u00f8 for vores lejere.<\/p>\t\t\t\t\t\t\t\t<\/div>\n\t\t\t\t<\/div>\n\t\t\t\t\t<\/div>\n\t\t<\/div>\n\t\t\t\t<div class=\"elementor-column elementor-col-50 elementor-inner-column elementor-element elementor-element-f08da72\" data-id=\"f08da72\" data-element_type=\"column\" data-e-type=\"column\">\n\t\t\t<div class=\"elementor-widget-wrap elementor-element-populated\">\n\t\t\t\t\t\t<div class=\"elementor-element elementor-element-a7c2660 elementor-widget elementor-widget-image\" data-id=\"a7c2660\" data-element_type=\"widget\" data-e-type=\"widget\" data-widget_type=\"image.default\">\n\t\t\t\t<div class=\"elementor-widget-container\">\n\t\t\t\t\t\t\t\t\t\t\t\t\t\t\t<img decoding=\"async\" width=\"1536\" height=\"1024\" src=\"https:\/\/allanbolig.dk\/wp-content\/uploads\/2022\/03\/MRU_604j01119_215-1536x1024-1.jpg\" class=\"attachment-full size-full wp-image-945\" alt=\"\" srcset=\"https:\/\/allanbolig.dk\/wp-content\/uploads\/2022\/03\/MRU_604j01119_215-1536x1024-1.jpg 1536w, https:\/\/allanbolig.dk\/wp-content\/uploads\/2022\/03\/MRU_604j01119_215-1536x1024-1-300x200.jpg 300w, https:\/\/allanbolig.dk\/wp-content\/uploads\/2022\/03\/MRU_604j01119_215-1536x1024-1-1024x683.jpg 1024w, https:\/\/allanbolig.dk\/wp-content\/uploads\/2022\/03\/MRU_604j01119_215-1536x1024-1-768x512.jpg 768w, https:\/\/allanbolig.dk\/wp-content\/uploads\/2022\/03\/MRU_604j01119_215-1536x1024-1-595xh.jpg 595w\" sizes=\"(max-width: 1536px) 100vw, 1536px\" \/>\t\t\t\t\t\t\t\t\t\t\t\t\t\t\t<\/div>\n\t\t\t\t<\/div>\n\t\t\t\t\t<\/div>\n\t\t<\/div>\n\t\t\t\t\t<\/div>\n\t\t<\/section>\n\t\t\t\t\t<\/div>\n\t\t<\/div>\n\t\t\t\t\t<\/div>\n\t\t<\/section>\n\t\t\t\t<section class=\"elementor-section elementor-top-section elementor-element elementor-element-5667db6 elementor-section-full_width elementor-section-height-default elementor-section-height-default\" data-id=\"5667db6\" data-element_type=\"section\" data-e-type=\"section\" data-settings=\"{&quot;background_background&quot;:&quot;classic&quot;}\">\n\t\t\t\t\t\t<div class=\"elementor-container elementor-column-gap-default\">\n\t\t\t\t\t<div class=\"elementor-column elementor-col-100 elementor-top-column elementor-element elementor-element-94c3c2c\" data-id=\"94c3c2c\" data-element_type=\"column\" data-e-type=\"column\">\n\t\t\t<div class=\"elementor-widget-wrap elementor-element-populated\">\n\t\t\t\t\t\t<section class=\"elementor-section elementor-inner-section elementor-element elementor-element-d0dddb9 elementor-section-boxed elementor-section-height-default elementor-section-height-default\" data-id=\"d0dddb9\" data-element_type=\"section\" data-e-type=\"section\">\n\t\t\t\t\t\t<div class=\"elementor-container elementor-column-gap-wide\">\n\t\t\t\t\t<div class=\"elementor-column elementor-col-50 elementor-inner-column elementor-element elementor-element-a25ecdb\" data-id=\"a25ecdb\" data-element_type=\"column\" data-e-type=\"column\">\n\t\t\t<div class=\"elementor-widget-wrap elementor-element-populated\">\n\t\t\t\t\t\t<div class=\"elementor-element elementor-element-fcc3158 elementor-widget elementor-widget-image\" data-id=\"fcc3158\" data-element_type=\"widget\" data-e-type=\"widget\" data-widget_type=\"image.default\">\n\t\t\t\t<div class=\"elementor-widget-container\">\n\t\t\t\t\t\t\t\t\t\t\t\t\t\t\t<img decoding=\"async\" width=\"1536\" height=\"1024\" src=\"https:\/\/allanbolig.dk\/wp-content\/uploads\/2022\/03\/MRU_604j01119_7-1536x1024-1.jpg\" class=\"attachment-full size-full wp-image-934\" alt=\"\" srcset=\"https:\/\/allanbolig.dk\/wp-content\/uploads\/2022\/03\/MRU_604j01119_7-1536x1024-1.jpg 1536w, https:\/\/allanbolig.dk\/wp-content\/uploads\/2022\/03\/MRU_604j01119_7-1536x1024-1-300x200.jpg 300w, https:\/\/allanbolig.dk\/wp-content\/uploads\/2022\/03\/MRU_604j01119_7-1536x1024-1-1024x683.jpg 1024w, https:\/\/allanbolig.dk\/wp-content\/uploads\/2022\/03\/MRU_604j01119_7-1536x1024-1-768x512.jpg 768w, https:\/\/allanbolig.dk\/wp-content\/uploads\/2022\/03\/MRU_604j01119_7-1536x1024-1-595xh.jpg 595w\" sizes=\"(max-width: 1536px) 100vw, 1536px\" \/>\t\t\t\t\t\t\t\t\t\t\t\t\t\t\t<\/div>\n\t\t\t\t<\/div>\n\t\t\t\t\t<\/div>\n\t\t<\/div>\n\t\t\t\t<div class=\"elementor-column elementor-col-50 elementor-inner-column elementor-element elementor-element-29aa8cb\" data-id=\"29aa8cb\" data-element_type=\"column\" data-e-type=\"column\">\n\t\t\t<div class=\"elementor-widget-wrap elementor-element-populated\">\n\t\t\t\t\t\t<div class=\"elementor-element elementor-element-abd46b1 elementor-widget-mobile__width-inherit elementor-widget elementor-widget-heading\" data-id=\"abd46b1\" data-element_type=\"widget\" data-e-type=\"widget\" data-widget_type=\"heading.default\">\n\t\t\t\t<div class=\"elementor-widget-container\">\n\t\t\t\t\t<h2 class=\"elementor-heading-title elementor-size-default\">Vores v\u00e6rdier<\/h2>\t\t\t\t<\/div>\n\t\t\t\t<\/div>\n\t\t\t\t<div class=\"elementor-element elementor-element-ec04d50 elementor-widget-divider--view-line elementor-widget elementor-widget-divider\" data-id=\"ec04d50\" data-element_type=\"widget\" data-e-type=\"widget\" data-widget_type=\"divider.default\">\n\t\t\t\t<div class=\"elementor-widget-container\">\n\t\t\t\t\t\t\t<div class=\"elementor-divider\">\n\t\t\t<span class=\"elementor-divider-separator\">\n\t\t\t\t\t\t<\/span>\n\t\t<\/div>\n\t\t\t\t\t\t<\/div>\n\t\t\t\t<\/div>\n\t\t\t\t<div class=\"elementor-element elementor-element-0a18846 elementor-widget-mobile__width-inherit elementor-widget elementor-widget-text-editor\" data-id=\"0a18846\" data-element_type=\"widget\" data-e-type=\"widget\" data-widget_type=\"text-editor.default\">\n\t\t\t\t<div class=\"elementor-widget-container\">\n\t\t\t\t\t\t\t\t\t<p>Vi s\u00e6tter en \u00e6re i vores arbejde og er stolte af at v\u00e6re en af de bedste boligudlejningsvirksomheder i Danmark. Vi ser frem til at hj\u00e6lpe dig med at finde din dr\u00f8mmebolig til leje.<\/p>\t\t\t\t\t\t\t\t<\/div>\n\t\t\t\t<\/div>\n\t\t\t\t<div class=\"elementor-element elementor-element-c1f92ad elementor-position-left elementor-vertical-align-middle elementor-widget elementor-widget-image-box\" data-id=\"c1f92ad\" data-element_type=\"widget\" data-e-type=\"widget\" data-widget_type=\"image-box.default\">\n\t\t\t\t<div class=\"elementor-widget-container\">\n\t\t\t\t\t<div class=\"elementor-image-box-wrapper\"><figure class=\"elementor-image-box-img\"><img loading=\"lazy\" decoding=\"async\" width=\"4032\" height=\"3024\" src=\"https:\/\/allanbolig.dk\/wp-content\/uploads\/2023\/02\/IMG_4456-7.jpg\" class=\"attachment-full size-full wp-image-1960\" alt=\"\" \/><\/figure><div class=\"elementor-image-box-content\"><h4 class=\"elementor-image-box-title\">Nye og moderne lejem\u00e5l<\/h4><p class=\"elementor-image-box-description\">Vores lejem\u00e5l er nye og moderne, klar til indflytning<\/p><\/div><\/div>\t\t\t\t<\/div>\n\t\t\t\t<\/div>\n\t\t\t\t<div class=\"elementor-element elementor-element-d90a37d elementor-position-left elementor-vertical-align-middle elementor-widget elementor-widget-image-box\" data-id=\"d90a37d\" data-element_type=\"widget\" data-e-type=\"widget\" data-widget_type=\"image-box.default\">\n\t\t\t\t<div class=\"elementor-widget-container\">\n\t\t\t\t\t<div class=\"elementor-image-box-wrapper\"><figure class=\"elementor-image-box-img\"><img fetchpriority=\"high\" decoding=\"async\" width=\"1536\" height=\"1024\" src=\"https:\/\/allanbolig.dk\/wp-content\/uploads\/2022\/03\/MRU_604j01119_21-1536x1024-1.jpg\" class=\"attachment-full size-full wp-image-938\" alt=\"\" srcset=\"https:\/\/allanbolig.dk\/wp-content\/uploads\/2022\/03\/MRU_604j01119_21-1536x1024-1.jpg 1536w, https:\/\/allanbolig.dk\/wp-content\/uploads\/2022\/03\/MRU_604j01119_21-1536x1024-1-300x200.jpg 300w, https:\/\/allanbolig.dk\/wp-content\/uploads\/2022\/03\/MRU_604j01119_21-1536x1024-1-1024x683.jpg 1024w, https:\/\/allanbolig.dk\/wp-content\/uploads\/2022\/03\/MRU_604j01119_21-1536x1024-1-768x512.jpg 768w, https:\/\/allanbolig.dk\/wp-content\/uploads\/2022\/03\/MRU_604j01119_21-1536x1024-1-595xh.jpg 595w\" sizes=\"(max-width: 1536px) 100vw, 1536px\" \/><\/figure><div class=\"elementor-image-box-content\"><h4 class=\"elementor-image-box-title\">Professionel Services<\/h4><p class=\"elementor-image-box-description\">Vi bestr\u00e6ber os p\u00e5 altid at levere en enest\u00e5ende service og st\u00f8tte.<\/p><\/div><\/div>\t\t\t\t<\/div>\n\t\t\t\t<\/div>\n\t\t\t\t\t<\/div>\n\t\t<\/div>\n\t\t\t\t\t<\/div>\n\t\t<\/section>\n\t\t\t\t\t<\/div>\n\t\t<\/div>\n\t\t\t\t\t<\/div>\n\t\t<\/section>\n\t\t\t\t<section class=\"elementor-section elementor-top-section elementor-element elementor-element-7447d0d elementor-section-full_width elementor-section-height-default elementor-section-height-default\" data-id=\"7447d0d\" data-element_type=\"section\" data-e-type=\"section\" data-settings=\"{&quot;background_background&quot;:&quot;classic&quot;}\">\n\t\t\t\t\t\t\t<div class=\"elementor-background-overlay\"><\/div>\n\t\t\t\t\t\t\t<div class=\"elementor-container elementor-column-gap-default\">\n\t\t\t\t\t<div class=\"elementor-column elementor-col-100 elementor-top-column elementor-element elementor-element-8f473d1\" data-id=\"8f473d1\" data-element_type=\"column\" data-e-type=\"column\">\n\t\t\t<div class=\"elementor-widget-wrap elementor-element-populated\">\n\t\t\t\t\t\t<section class=\"elementor-section elementor-inner-section elementor-element elementor-element-83a91ed elementor-section-boxed elementor-section-height-default elementor-section-height-default\" data-id=\"83a91ed\" data-element_type=\"section\" data-e-type=\"section\">\n\t\t\t\t\t\t<div class=\"elementor-container elementor-column-gap-default\">\n\t\t\t\t\t<div class=\"elementor-column elementor-col-100 elementor-inner-column elementor-element elementor-element-55c1948\" data-id=\"55c1948\" data-element_type=\"column\" data-e-type=\"column\">\n\t\t\t<div class=\"elementor-widget-wrap elementor-element-populated\">\n\t\t\t\t\t\t<div class=\"elementor-element elementor-element-e7fc9c3 elementor-widget elementor-widget-heading\" data-id=\"e7fc9c3\" data-element_type=\"widget\" data-e-type=\"widget\" data-widget_type=\"heading.default\">\n\t\t\t\t<div class=\"elementor-widget-container\">\n\t\t\t\t\t<h2 class=\"elementor-heading-title elementor-size-default\">lad os f\u00e5 forbindelse<\/h2>\t\t\t\t<\/div>\n\t\t\t\t<\/div>\n\t\t\t\t<div class=\"elementor-element elementor-element-704c1b5 elementor-widget elementor-widget-text-editor\" data-id=\"704c1b5\" data-element_type=\"widget\" data-e-type=\"widget\" data-widget_type=\"text-editor.default\">\n\t\t\t\t<div class=\"elementor-widget-container\">\n\t\t\t\t\t\t\t\t\t<p>Vores ejendomsadministratorer er her for at hj\u00e6lpe dig gennem hele processen fra start til slut. De vil hj\u00e6lpe dig med at v\u00e6lge det rigtige lejem\u00e5l<\/p>\t\t\t\t\t\t\t\t<\/div>\n\t\t\t\t<\/div>\n\t\t\t\t<div class=\"elementor-element elementor-element-4c9ae0b elementor-align-center elementor-widget elementor-widget-button\" data-id=\"4c9ae0b\" data-element_type=\"widget\" data-e-type=\"widget\" data-widget_type=\"button.default\">\n\t\t\t\t<div class=\"elementor-widget-container\">\n\t\t\t\t\t\t\t\t\t<div class=\"elementor-button-wrapper\">\n\t\t\t\t\t<a class=\"elementor-button elementor-button-link elementor-size-sm\" href=\"\/contact-us\">\n\t\t\t\t\t\t<span class=\"elementor-button-content-wrapper\">\n\t\t\t\t\t\t\t\t\t<span class=\"elementor-button-text\">Kontakt os<\/span>\n\t\t\t\t\t<\/span>\n\t\t\t\t\t<\/a>\n\t\t\t\t<\/div>\n\t\t\t\t\t\t\t\t<\/div>\n\t\t\t\t<\/div>\n\t\t\t\t\t<\/div>\n\t\t<\/div>\n\t\t\t\t\t<\/div>\n\t\t<\/section>\n\t\t\t\t\t<\/div>\n\t\t<\/div>\n\t\t\t\t\t<\/div>\n\t\t<\/section>\n\t\t\t\t<\/div>\n\t\t","protected":false},"excerpt":{"rendered":"<p>Om os Om os Vi er en boligudlejningsvirksomhed, der tilbyder en bred vifte af boliger til leje i hele Danmark. Vores virksomhed blev grundlagt med det form\u00e5l at g\u00f8re det nemt og bekvemt for folk at finde deres dr\u00f8mmebolig til leje. Vi har et dedikeret team af professionelle og erfarne ejendomsadministratorer, der arbejder h\u00e5rdt for [&hellip;]<\/p>\n","protected":false},"author":1,"featured_media":0,"parent":0,"menu_order":0,"comment_status":"closed","ping_status":"closed","template":"elementor_header_footer","meta":{"_acf_changed":false,"site-sidebar-layout":"no-sidebar","site-content-layout":"page-builder","ast-site-content-layout":"","site-content-style":"default","site-sidebar-style":"default","ast-global-header-display":"","ast-banner-title-visibility":"","ast-main-header-display":"","ast-hfb-above-header-display":"","ast-hfb-below-header-display":"","ast-hfb-mobile-header-display":"","site-post-title":"disabled","ast-breadcrumbs-content":"","ast-featured-img":"disabled","footer-sml-layout":"","theme-transparent-header-meta":"","adv-header-id-meta":"","stick-header-meta":"","header-above-stick-meta":"","header-main-stick-meta":"","header-below-stick-meta":"","astra-migrate-meta-layouts":"default","ast-page-background-enabled":"default","ast-page-background-meta":{"desktop":{"background-color":"var(--ast-global-color-4)","background-image":"","background-repeat":"repeat","background-position":"center center","background-size":"auto","background-attachment":"scroll","background-type":"","background-media":"","overlay-type":"","overlay-color":"","overlay-opacity":"","overlay-gradient":""},"tablet":{"background-color":"","background-image":"","background-repeat":"repeat","background-position":"center center","background-size":"auto","background-attachment":"scroll","background-type":"","background-media":"","overlay-type":"","overlay-color":"","overlay-opacity":"","overlay-gradient":""},"mobile":{"background-color":"","background-image":"","background-repeat":"repeat","background-position":"center center","background-size":"auto","background-attachment":"scroll","background-type":"","background-media":"","overlay-type":"","overlay-color":"","overlay-opacity":"","overlay-gradient":""}},"ast-content-background-meta":{"desktop":{"background-color":"var(--ast-global-color-5)","background-image":"","background-repeat":"repeat","background-position":"center center","background-size":"auto","background-attachment":"scroll","background-type":"","background-media":"","overlay-type":"","overlay-color":"","overlay-opacity":"","overlay-gradient":""},"tablet":{"background-color":"var(--ast-global-color-5)","background-image":"","background-repeat":"repeat","background-position":"center center","background-size":"auto","background-attachment":"scroll","background-type":"","background-media":"","overlay-type":"","overlay-color":"","overlay-opacity":"","overlay-gradient":""},"mobile":{"background-color":"var(--ast-global-color-5)","background-image":"","background-repeat":"repeat","background-position":"center center","background-size":"auto","background-attachment":"scroll","background-type":"","background-media":"","overlay-type":"","overlay-color":"","overlay-opacity":"","overlay-gradient":""}},"footnotes":""},"class_list":["post-583","page","type-page","status-publish","hentry"],"acf":[],"_links":{"self":[{"href":"https:\/\/allanbolig.dk\/index.php\/wp-json\/wp\/v2\/pages\/583","targetHints":{"allow":["GET"]}}],"collection":[{"href":"https:\/\/allanbolig.dk\/index.php\/wp-json\/wp\/v2\/pages"}],"about":[{"href":"https:\/\/allanbolig.dk\/index.php\/wp-json\/wp\/v2\/types\/page"}],"author":[{"embeddable":true,"href":"https:\/\/allanbolig.dk\/index.php\/wp-json\/wp\/v2\/users\/1"}],"replies":[{"embeddable":true,"href":"https:\/\/allanbolig.dk\/index.php\/wp-json\/wp\/v2\/comments?post=583"}],"version-history":[{"count":107,"href":"https:\/\/allanbolig.dk\/index.php\/wp-json\/wp\/v2\/pages\/583\/revisions"}],"predecessor-version":[{"id":2067,"href":"https:\/\/allanbolig.dk\/index.php\/wp-json\/wp\/v2\/pages\/583\/revisions\/2067"}],"wp:attachment":[{"href":"https:\/\/allanbolig.dk\/index.php\/wp-json\/wp\/v2\/media?parent=583"}],"curies":[{"name":"wp","href":"https:\/\/api.w.org\/{rel}","templated":true}]}}